{"id":212,"date":"2017-09-26T11:31:29","date_gmt":"2017-09-26T09:31:29","guid":{"rendered":"https:\/\/hotelrivierastrand.se\/skansen\/?page_id=212"},"modified":"2019-03-20T12:07:44","modified_gmt":"2019-03-20T10:07:44","slug":"activities","status":"publish","type":"page","link":"https:\/\/hotelskansen.se\/en\/meetings\/activities\/","title":{"rendered":"Activities"},"content":{"rendered":"","protected":false},"excerpt":{"rendered":"","protected":false},"author":1,"featured_media":0,"parent":886,"menu_order":0,"comment_status":"closed","ping_status":"closed","template":"","meta":{"_acf_changed":false,"_relevanssi_hide_post":"","_relevanssi_pin_for_all":"","_relevanssi_pin_keywords":"","_relevanssi_unpin_keywords":"","_relevanssi_related_keywords":"","_relevanssi_related_include_ids":"","_relevanssi_related_exclude_ids":"","_relevanssi_related_no_append":"","_relevanssi_related_not_related":"","_relevanssi_related_posts":"","_relevanssi_noindex_reason":"","footnotes":""},"class_list":["post-212","page","type-page","status-publish","hentry"],"acf":[],"yoast_head":"<!-- This site is optimized with the Yoast SEO plugin v24.2 - https:\/\/yoast.com\/wordpress\/plugins\/seo\/ -->\n<title>Activities - golf packages, tennis packages and more - Hotel Skansen B\u00e5stad B\u00e5stad<\/title>\n<meta name=\"description\" content=\"Activities - At Hotel Skansen B\u00e5stad we offer packages for several different activities. Golf packages, tennis packages, team building activities and more.\" \/>\n<meta name=\"robots\" content=\"index, follow, max-snippet:-1, max-image-preview:large, max-video-preview:-1\" \/>\n<link rel=\"canonical\" href=\"https:\/\/hotelskansen.se\/en\/meetings\/activities\/\" \/>\n<meta property=\"og:locale\" content=\"sv_SE\" \/>\n<meta property=\"og:type\" content=\"article\" \/>\n<meta property=\"og:title\" content=\"Activities - golf packages, tennis packages and more - Hotel Skansen B\u00e5stad B\u00e5stad\" \/>\n<meta property=\"og:description\" content=\"Activities - At Hotel Skansen B\u00e5stad we offer packages for several different activities. Golf packages, tennis packages, team building activities and more.\" \/>\n<meta property=\"og:url\" content=\"https:\/\/hotelskansen.se\/en\/meetings\/activities\/\" \/>\n<meta property=\"og:site_name\" content=\"Hotel Skansen B\u00e5stad\" \/>\n<meta property=\"article:publisher\" content=\"https:\/\/www.facebook.com\/Hotelskansen\/\" \/>\n<meta property=\"article:modified_time\" content=\"2019-03-20T10:07:44+00:00\" \/>\n<meta name=\"twitter:card\" content=\"summary_large_image\" \/>\n<script type=\"application\/ld+json\" class=\"yoast-schema-graph\">{\"@context\":\"https:\/\/schema.org\",\"@graph\":[{\"@type\":\"WebPage\",\"@id\":\"https:\/\/hotelskansen.se\/en\/meetings\/activities\/\",\"url\":\"https:\/\/hotelskansen.se\/en\/meetings\/activities\/\",\"name\":\"Activities - golf packages, tennis packages and more - Hotel Skansen B\u00e5stad B\u00e5stad\",\"isPartOf\":{\"@id\":\"https:\/\/hotelskansen.se\/en\/#website\"},\"datePublished\":\"2017-09-26T09:31:29+00:00\",\"dateModified\":\"2019-03-20T10:07:44+00:00\",\"description\":\"Activities - At Hotel Skansen B\u00e5stad we offer packages for several different activities. Golf packages, tennis packages, team building activities and more.\",\"breadcrumb\":{\"@id\":\"https:\/\/hotelskansen.se\/en\/meetings\/activities\/#breadcrumb\"},\"inLanguage\":\"sv-SE\",\"potentialAction\":[{\"@type\":\"ReadAction\",\"target\":[\"https:\/\/hotelskansen.se\/en\/meetings\/activities\/\"]}]},{\"@type\":\"BreadcrumbList\",\"@id\":\"https:\/\/hotelskansen.se\/en\/meetings\/activities\/#breadcrumb\",\"itemListElement\":[{\"@type\":\"ListItem\",\"position\":1,\"name\":\"Startsida\",\"item\":\"https:\/\/hotelskansen.se\/en\/\"},{\"@type\":\"ListItem\",\"position\":2,\"name\":\"Meetings and conferences\",\"item\":\"https:\/\/hotelskansen.se\/en\/meetings\/\"},{\"@type\":\"ListItem\",\"position\":3,\"name\":\"Activities\"}]},{\"@type\":\"WebSite\",\"@id\":\"https:\/\/hotelskansen.se\/en\/#website\",\"url\":\"https:\/\/hotelskansen.se\/en\/\",\"name\":\"Hotel Skansen B\u00e5stad\",\"description\":\"Hotel, spa, meetings and restaurant by the sea\",\"potentialAction\":[{\"@type\":\"SearchAction\",\"target\":{\"@type\":\"EntryPoint\",\"urlTemplate\":\"https:\/\/hotelskansen.se\/en\/?s={search_term_string}\"},\"query-input\":{\"@type\":\"PropertyValueSpecification\",\"valueRequired\":true,\"valueName\":\"search_term_string\"}}],\"inLanguage\":\"sv-SE\"}]}<\/script>\n<!-- \/ Yoast SEO plugin. -->","yoast_head_json":{"title":"Activities - golf packages, tennis packages and more - Hotel Skansen B\u00e5stad B\u00e5stad","description":"Activities - At Hotel Skansen B\u00e5stad we offer packages for several different activities. Golf packages, tennis packages, team building activities and more.","robots":{"index":"index","follow":"follow","max-snippet":"max-snippet:-1","max-image-preview":"max-image-preview:large","max-video-preview":"max-video-preview:-1"},"canonical":"https:\/\/hotelskansen.se\/en\/meetings\/activities\/","og_locale":"sv_SE","og_type":"article","og_title":"Activities - golf packages, tennis packages and more - Hotel Skansen B\u00e5stad B\u00e5stad","og_description":"Activities - At Hotel Skansen B\u00e5stad we offer packages for several different activities. Golf packages, tennis packages, team building activities and more.","og_url":"https:\/\/hotelskansen.se\/en\/meetings\/activities\/","og_site_name":"Hotel Skansen B\u00e5stad","article_publisher":"https:\/\/www.facebook.com\/Hotelskansen\/","article_modified_time":"2019-03-20T10:07:44+00:00","twitter_card":"summary_large_image","schema":{"@context":"https:\/\/schema.org","@graph":[{"@type":"WebPage","@id":"https:\/\/hotelskansen.se\/en\/meetings\/activities\/","url":"https:\/\/hotelskansen.se\/en\/meetings\/activities\/","name":"Activities - golf packages, tennis packages and more - Hotel Skansen B\u00e5stad B\u00e5stad","isPartOf":{"@id":"https:\/\/hotelskansen.se\/en\/#website"},"datePublished":"2017-09-26T09:31:29+00:00","dateModified":"2019-03-20T10:07:44+00:00","description":"Activities - At Hotel Skansen B\u00e5stad we offer packages for several different activities. Golf packages, tennis packages, team building activities and more.","breadcrumb":{"@id":"https:\/\/hotelskansen.se\/en\/meetings\/activities\/#breadcrumb"},"inLanguage":"sv-SE","potentialAction":[{"@type":"ReadAction","target":["https:\/\/hotelskansen.se\/en\/meetings\/activities\/"]}]},{"@type":"BreadcrumbList","@id":"https:\/\/hotelskansen.se\/en\/meetings\/activities\/#breadcrumb","itemListElement":[{"@type":"ListItem","position":1,"name":"Startsida","item":"https:\/\/hotelskansen.se\/en\/"},{"@type":"ListItem","position":2,"name":"Meetings and conferences","item":"https:\/\/hotelskansen.se\/en\/meetings\/"},{"@type":"ListItem","position":3,"name":"Activities"}]},{"@type":"WebSite","@id":"https:\/\/hotelskansen.se\/en\/#website","url":"https:\/\/hotelskansen.se\/en\/","name":"Hotel Skansen B\u00e5stad","description":"Hotel, spa, meetings and restaurant by the sea","potentialAction":[{"@type":"SearchAction","target":{"@type":"EntryPoint","urlTemplate":"https:\/\/hotelskansen.se\/en\/?s={search_term_string}"},"query-input":{"@type":"PropertyValueSpecification","valueRequired":true,"valueName":"search_term_string"}}],"inLanguage":"sv-SE"}]}},"_links":{"self":[{"href":"https:\/\/hotelskansen.se\/en\/wp-json\/wp\/v2\/pages\/212","targetHints":{"allow":["GET"]}}],"collection":[{"href":"https:\/\/hotelskansen.se\/en\/wp-json\/wp\/v2\/pages"}],"about":[{"href":"https:\/\/hotelskansen.se\/en\/wp-json\/wp\/v2\/types\/page"}],"author":[{"embeddable":true,"href":"https:\/\/hotelskansen.se\/en\/wp-json\/wp\/v2\/users\/1"}],"replies":[{"embeddable":true,"href":"https:\/\/hotelskansen.se\/en\/wp-json\/wp\/v2\/comments?post=212"}],"version-history":[{"count":10,"href":"https:\/\/hotelskansen.se\/en\/wp-json\/wp\/v2\/pages\/212\/revisions"}],"predecessor-version":[{"id":3653,"href":"https:\/\/hotelskansen.se\/en\/wp-json\/wp\/v2\/pages\/212\/revisions\/3653"}],"up":[{"embeddable":true,"href":"https:\/\/hotelskansen.se\/en\/wp-json\/wp\/v2\/pages\/886"}],"wp:attachment":[{"href":"https:\/\/hotelskansen.se\/en\/wp-json\/wp\/v2\/media?parent=212"}],"curies":[{"name":"wp","href":"https:\/\/api.w.org\/{rel}","templated":true}]}}