{"id":3372,"date":"2018-10-17T11:49:07","date_gmt":"2018-10-17T09:49:07","guid":{"rendered":"https:\/\/hotelskansen.se\/dk\/?page_id=3372"},"modified":"2025-07-01T11:58:37","modified_gmt":"2025-07-01T09:58:37","slug":"bestil-bord","status":"publish","type":"page","link":"https:\/\/hotelskansen.se\/dk\/mad-og-drikke\/bestil-bord\/","title":{"rendered":"Bestil bord p\u00e5 restaurang Sand"},"content":{"rendered":"","protected":false},"excerpt":{"rendered":"","protected":false},"author":8,"featured_media":0,"parent":202,"menu_order":0,"comment_status":"closed","ping_status":"closed","template":"","meta":{"_acf_changed":false,"_relevanssi_hide_post":"","_relevanssi_pin_for_all":"","_relevanssi_pin_keywords":"","_relevanssi_unpin_keywords":"","_relevanssi_related_keywords":"","_relevanssi_related_include_ids":"","_relevanssi_related_exclude_ids":"","_relevanssi_related_no_append":"","_relevanssi_related_not_related":"","_relevanssi_related_posts":"","_relevanssi_noindex_reason":"","footnotes":""},"class_list":["post-3372","page","type-page","status-publish","hentry"],"acf":[],"yoast_head":"<!-- This site is optimized with the Yoast SEO plugin v24.2 - https:\/\/yoast.com\/wordpress\/plugins\/seo\/ -->\n<title>Bestil bord p\u00e5 restaurant Sand | Hotel Skansen i B\u00e5stad<\/title>\n<meta name=\"description\" content=\"Du er meget velkommen til a bestille bord i Restaurant Sand. Her kan du bestille online. Du kan ogs\u00e5 ringa +46 431-55 81 09 eller maile sand@hotelskansen.se\" \/>\n<meta name=\"robots\" content=\"index, follow, max-snippet:-1, max-image-preview:large, max-video-preview:-1\" \/>\n<link rel=\"canonical\" href=\"https:\/\/hotelskansen.se\/dk\/mad-og-drikke\/bestil-bord\/\" \/>\n<meta property=\"og:locale\" content=\"sv_SE\" \/>\n<meta property=\"og:type\" content=\"article\" \/>\n<meta property=\"og:title\" content=\"Bestil bord p\u00e5 restaurant Sand | Hotel Skansen i B\u00e5stad\" \/>\n<meta property=\"og:description\" content=\"Du er meget velkommen til a bestille bord i Restaurant Sand. Her kan du bestille online. Du kan ogs\u00e5 ringa +46 431-55 81 09 eller maile sand@hotelskansen.se\" \/>\n<meta property=\"og:url\" content=\"https:\/\/hotelskansen.se\/dk\/mad-og-drikke\/bestil-bord\/\" \/>\n<meta property=\"og:site_name\" content=\"Hotel Skansen B\u00e5stad\" \/>\n<meta property=\"article:publisher\" content=\"https:\/\/www.facebook.com\/Hotelskansen\/\" \/>\n<meta property=\"article:modified_time\" content=\"2025-07-01T09:58:37+00:00\" \/>\n<meta name=\"twitter:card\" content=\"summary_large_image\" \/>\n<script type=\"application\/ld+json\" class=\"yoast-schema-graph\">{\"@context\":\"https:\/\/schema.org\",\"@graph\":[{\"@type\":\"WebPage\",\"@id\":\"https:\/\/hotelskansen.se\/dk\/mad-og-drikke\/bestil-bord\/\",\"url\":\"https:\/\/hotelskansen.se\/dk\/mad-og-drikke\/bestil-bord\/\",\"name\":\"Bestil bord p\u00e5 restaurant Sand | Hotel Skansen i B\u00e5stad\",\"isPartOf\":{\"@id\":\"https:\/\/hotelskansen.se\/dk\/#website\"},\"datePublished\":\"2018-10-17T09:49:07+00:00\",\"dateModified\":\"2025-07-01T09:58:37+00:00\",\"description\":\"Du er meget velkommen til a bestille bord i Restaurant Sand. Her kan du bestille online. Du kan ogs\u00e5 ringa +46 431-55 81 09 eller maile sand@hotelskansen.se\",\"breadcrumb\":{\"@id\":\"https:\/\/hotelskansen.se\/dk\/mad-og-drikke\/bestil-bord\/#breadcrumb\"},\"inLanguage\":\"sv-SE\",\"potentialAction\":[{\"@type\":\"ReadAction\",\"target\":[\"https:\/\/hotelskansen.se\/dk\/mad-og-drikke\/bestil-bord\/\"]}]},{\"@type\":\"BreadcrumbList\",\"@id\":\"https:\/\/hotelskansen.se\/dk\/mad-og-drikke\/bestil-bord\/#breadcrumb\",\"itemListElement\":[{\"@type\":\"ListItem\",\"position\":1,\"name\":\"Startsida\",\"item\":\"https:\/\/hotelskansen.se\/dk\/\"},{\"@type\":\"ListItem\",\"position\":2,\"name\":\"Restaurant Sand\",\"item\":\"https:\/\/hotelskansen.se\/dk\/mad-og-drikke\/\"},{\"@type\":\"ListItem\",\"position\":3,\"name\":\"Bestil bord p\u00e5 restaurang Sand\"}]},{\"@type\":\"WebSite\",\"@id\":\"https:\/\/hotelskansen.se\/dk\/#website\",\"url\":\"https:\/\/hotelskansen.se\/dk\/\",\"name\":\"Hotel Skansen B\u00e5stad\",\"description\":\"Hotel, spa, konference og restaurant ved havet\",\"potentialAction\":[{\"@type\":\"SearchAction\",\"target\":{\"@type\":\"EntryPoint\",\"urlTemplate\":\"https:\/\/hotelskansen.se\/dk\/?s={search_term_string}\"},\"query-input\":{\"@type\":\"PropertyValueSpecification\",\"valueRequired\":true,\"valueName\":\"search_term_string\"}}],\"inLanguage\":\"sv-SE\"}]}<\/script>\n<!-- \/ Yoast SEO plugin. -->","yoast_head_json":{"title":"Bestil bord p\u00e5 restaurant Sand | Hotel Skansen i B\u00e5stad","description":"Du er meget velkommen til a bestille bord i Restaurant Sand. Her kan du bestille online. Du kan ogs\u00e5 ringa +46 431-55 81 09 eller maile sand@hotelskansen.se","robots":{"index":"index","follow":"follow","max-snippet":"max-snippet:-1","max-image-preview":"max-image-preview:large","max-video-preview":"max-video-preview:-1"},"canonical":"https:\/\/hotelskansen.se\/dk\/mad-og-drikke\/bestil-bord\/","og_locale":"sv_SE","og_type":"article","og_title":"Bestil bord p\u00e5 restaurant Sand | Hotel Skansen i B\u00e5stad","og_description":"Du er meget velkommen til a bestille bord i Restaurant Sand. Her kan du bestille online. Du kan ogs\u00e5 ringa +46 431-55 81 09 eller maile sand@hotelskansen.se","og_url":"https:\/\/hotelskansen.se\/dk\/mad-og-drikke\/bestil-bord\/","og_site_name":"Hotel Skansen B\u00e5stad","article_publisher":"https:\/\/www.facebook.com\/Hotelskansen\/","article_modified_time":"2025-07-01T09:58:37+00:00","twitter_card":"summary_large_image","schema":{"@context":"https:\/\/schema.org","@graph":[{"@type":"WebPage","@id":"https:\/\/hotelskansen.se\/dk\/mad-og-drikke\/bestil-bord\/","url":"https:\/\/hotelskansen.se\/dk\/mad-og-drikke\/bestil-bord\/","name":"Bestil bord p\u00e5 restaurant Sand | Hotel Skansen i B\u00e5stad","isPartOf":{"@id":"https:\/\/hotelskansen.se\/dk\/#website"},"datePublished":"2018-10-17T09:49:07+00:00","dateModified":"2025-07-01T09:58:37+00:00","description":"Du er meget velkommen til a bestille bord i Restaurant Sand. Her kan du bestille online. Du kan ogs\u00e5 ringa +46 431-55 81 09 eller maile sand@hotelskansen.se","breadcrumb":{"@id":"https:\/\/hotelskansen.se\/dk\/mad-og-drikke\/bestil-bord\/#breadcrumb"},"inLanguage":"sv-SE","potentialAction":[{"@type":"ReadAction","target":["https:\/\/hotelskansen.se\/dk\/mad-og-drikke\/bestil-bord\/"]}]},{"@type":"BreadcrumbList","@id":"https:\/\/hotelskansen.se\/dk\/mad-og-drikke\/bestil-bord\/#breadcrumb","itemListElement":[{"@type":"ListItem","position":1,"name":"Startsida","item":"https:\/\/hotelskansen.se\/dk\/"},{"@type":"ListItem","position":2,"name":"Restaurant Sand","item":"https:\/\/hotelskansen.se\/dk\/mad-og-drikke\/"},{"@type":"ListItem","position":3,"name":"Bestil bord p\u00e5 restaurang Sand"}]},{"@type":"WebSite","@id":"https:\/\/hotelskansen.se\/dk\/#website","url":"https:\/\/hotelskansen.se\/dk\/","name":"Hotel Skansen B\u00e5stad","description":"Hotel, spa, konference og restaurant ved havet","potentialAction":[{"@type":"SearchAction","target":{"@type":"EntryPoint","urlTemplate":"https:\/\/hotelskansen.se\/dk\/?s={search_term_string}"},"query-input":{"@type":"PropertyValueSpecification","valueRequired":true,"valueName":"search_term_string"}}],"inLanguage":"sv-SE"}]}},"_links":{"self":[{"href":"https:\/\/hotelskansen.se\/dk\/wp-json\/wp\/v2\/pages\/3372","targetHints":{"allow":["GET"]}}],"collection":[{"href":"https:\/\/hotelskansen.se\/dk\/wp-json\/wp\/v2\/pages"}],"about":[{"href":"https:\/\/hotelskansen.se\/dk\/wp-json\/wp\/v2\/types\/page"}],"author":[{"embeddable":true,"href":"https:\/\/hotelskansen.se\/dk\/wp-json\/wp\/v2\/users\/8"}],"replies":[{"embeddable":true,"href":"https:\/\/hotelskansen.se\/dk\/wp-json\/wp\/v2\/comments?post=3372"}],"version-history":[{"count":11,"href":"https:\/\/hotelskansen.se\/dk\/wp-json\/wp\/v2\/pages\/3372\/revisions"}],"predecessor-version":[{"id":6528,"href":"https:\/\/hotelskansen.se\/dk\/wp-json\/wp\/v2\/pages\/3372\/revisions\/6528"}],"up":[{"embeddable":true,"href":"https:\/\/hotelskansen.se\/dk\/wp-json\/wp\/v2\/pages\/202"}],"wp:attachment":[{"href":"https:\/\/hotelskansen.se\/dk\/wp-json\/wp\/v2\/media?parent=3372"}],"curies":[{"name":"wp","href":"https:\/\/api.w.org\/{rel}","templated":true}]}}