{"id":298,"date":"2017-10-18T09:03:36","date_gmt":"2017-10-18T07:03:36","guid":{"rendered":"https:\/\/hotelrivierastrand.se\/skansen\/?page_id=298"},"modified":"2023-07-12T11:58:04","modified_gmt":"2023-07-12T09:58:04","slug":"hotelvaerelser-suiter","status":"publish","type":"page","link":"https:\/\/hotelskansen.se\/dk\/hotelvaerelser-suiter\/","title":{"rendered":"Hotelv\u00e6relser og suiter"},"content":{"rendered":"","protected":false},"excerpt":{"rendered":"","protected":false},"author":3,"featured_media":0,"parent":0,"menu_order":1,"comment_status":"closed","ping_status":"closed","template":"","meta":{"_acf_changed":false,"_relevanssi_hide_post":"","_relevanssi_pin_for_all":"","_relevanssi_pin_keywords":"","_relevanssi_unpin_keywords":"","_relevanssi_related_keywords":"","_relevanssi_related_include_ids":"","_relevanssi_related_exclude_ids":"","_relevanssi_related_no_append":"","_relevanssi_related_not_related":"","_relevanssi_related_posts":"","_relevanssi_noindex_reason":"","footnotes":""},"class_list":["post-298","page","type-page","status-publish","hentry"],"acf":[],"yoast_head":"<!-- This site is optimized with the Yoast SEO plugin v24.2 - https:\/\/yoast.com\/wordpress\/plugins\/seo\/ -->\n<title>V\u00e6relser og suiter - bo med spa og badehus p\u00e5 Hotel Skansen i B\u00e5stad<\/title>\n<meta name=\"description\" content=\"Bo midt i B\u00e5stad ved havet, havnen og tennisbanerne. Vores v\u00e6relser er designet til at levere den h\u00f8jest mulige komfort. Book her og f\u00e5 den bedste pris!\" \/>\n<meta name=\"robots\" content=\"index, follow, max-snippet:-1, max-image-preview:large, max-video-preview:-1\" \/>\n<link rel=\"canonical\" href=\"https:\/\/hotelskansen.se\/dk\/hotelvaerelser-suiter\/\" \/>\n<meta property=\"og:locale\" content=\"sv_SE\" \/>\n<meta property=\"og:type\" content=\"article\" \/>\n<meta property=\"og:title\" content=\"V\u00e6relser og suiter - bo med spa og badehus p\u00e5 Hotel Skansen i B\u00e5stad\" \/>\n<meta property=\"og:description\" content=\"Bo midt i B\u00e5stad ved havet, havnen og tennisbanerne. Vores v\u00e6relser er designet til at levere den h\u00f8jest mulige komfort. Book her og f\u00e5 den bedste pris!\" \/>\n<meta property=\"og:url\" content=\"https:\/\/hotelskansen.se\/dk\/hotelvaerelser-suiter\/\" \/>\n<meta property=\"og:site_name\" content=\"Hotel Skansen B\u00e5stad\" \/>\n<meta property=\"article:publisher\" content=\"https:\/\/www.facebook.com\/Hotelskansen\/\" \/>\n<meta property=\"article:modified_time\" content=\"2023-07-12T09:58:04+00:00\" \/>\n<meta name=\"twitter:card\" content=\"summary_large_image\" \/>\n<script type=\"application\/ld+json\" class=\"yoast-schema-graph\">{\"@context\":\"https:\/\/schema.org\",\"@graph\":[{\"@type\":\"WebPage\",\"@id\":\"https:\/\/hotelskansen.se\/dk\/hotelvaerelser-suiter\/\",\"url\":\"https:\/\/hotelskansen.se\/dk\/hotelvaerelser-suiter\/\",\"name\":\"V\u00e6relser og suiter - bo med spa og badehus p\u00e5 Hotel Skansen i B\u00e5stad\",\"isPartOf\":{\"@id\":\"https:\/\/hotelskansen.se\/dk\/#website\"},\"datePublished\":\"2017-10-18T07:03:36+00:00\",\"dateModified\":\"2023-07-12T09:58:04+00:00\",\"description\":\"Bo midt i B\u00e5stad ved havet, havnen og tennisbanerne. Vores v\u00e6relser er designet til at levere den h\u00f8jest mulige komfort. Book her og f\u00e5 den bedste pris!\",\"breadcrumb\":{\"@id\":\"https:\/\/hotelskansen.se\/dk\/hotelvaerelser-suiter\/#breadcrumb\"},\"inLanguage\":\"sv-SE\",\"potentialAction\":[{\"@type\":\"ReadAction\",\"target\":[\"https:\/\/hotelskansen.se\/dk\/hotelvaerelser-suiter\/\"]}]},{\"@type\":\"BreadcrumbList\",\"@id\":\"https:\/\/hotelskansen.se\/dk\/hotelvaerelser-suiter\/#breadcrumb\",\"itemListElement\":[{\"@type\":\"ListItem\",\"position\":1,\"name\":\"Startsida\",\"item\":\"https:\/\/hotelskansen.se\/dk\/\"},{\"@type\":\"ListItem\",\"position\":2,\"name\":\"Hotelv\u00e6relser og suiter\"}]},{\"@type\":\"WebSite\",\"@id\":\"https:\/\/hotelskansen.se\/dk\/#website\",\"url\":\"https:\/\/hotelskansen.se\/dk\/\",\"name\":\"Hotel Skansen B\u00e5stad\",\"description\":\"Hotel, spa, konference og restaurant ved havet\",\"potentialAction\":[{\"@type\":\"SearchAction\",\"target\":{\"@type\":\"EntryPoint\",\"urlTemplate\":\"https:\/\/hotelskansen.se\/dk\/?s={search_term_string}\"},\"query-input\":{\"@type\":\"PropertyValueSpecification\",\"valueRequired\":true,\"valueName\":\"search_term_string\"}}],\"inLanguage\":\"sv-SE\"}]}<\/script>\n<!-- \/ Yoast SEO plugin. -->","yoast_head_json":{"title":"V\u00e6relser og suiter - bo med spa og badehus p\u00e5 Hotel Skansen i B\u00e5stad","description":"Bo midt i B\u00e5stad ved havet, havnen og tennisbanerne. Vores v\u00e6relser er designet til at levere den h\u00f8jest mulige komfort. Book her og f\u00e5 den bedste pris!","robots":{"index":"index","follow":"follow","max-snippet":"max-snippet:-1","max-image-preview":"max-image-preview:large","max-video-preview":"max-video-preview:-1"},"canonical":"https:\/\/hotelskansen.se\/dk\/hotelvaerelser-suiter\/","og_locale":"sv_SE","og_type":"article","og_title":"V\u00e6relser og suiter - bo med spa og badehus p\u00e5 Hotel Skansen i B\u00e5stad","og_description":"Bo midt i B\u00e5stad ved havet, havnen og tennisbanerne. Vores v\u00e6relser er designet til at levere den h\u00f8jest mulige komfort. Book her og f\u00e5 den bedste pris!","og_url":"https:\/\/hotelskansen.se\/dk\/hotelvaerelser-suiter\/","og_site_name":"Hotel Skansen B\u00e5stad","article_publisher":"https:\/\/www.facebook.com\/Hotelskansen\/","article_modified_time":"2023-07-12T09:58:04+00:00","twitter_card":"summary_large_image","schema":{"@context":"https:\/\/schema.org","@graph":[{"@type":"WebPage","@id":"https:\/\/hotelskansen.se\/dk\/hotelvaerelser-suiter\/","url":"https:\/\/hotelskansen.se\/dk\/hotelvaerelser-suiter\/","name":"V\u00e6relser og suiter - bo med spa og badehus p\u00e5 Hotel Skansen i B\u00e5stad","isPartOf":{"@id":"https:\/\/hotelskansen.se\/dk\/#website"},"datePublished":"2017-10-18T07:03:36+00:00","dateModified":"2023-07-12T09:58:04+00:00","description":"Bo midt i B\u00e5stad ved havet, havnen og tennisbanerne. Vores v\u00e6relser er designet til at levere den h\u00f8jest mulige komfort. Book her og f\u00e5 den bedste pris!","breadcrumb":{"@id":"https:\/\/hotelskansen.se\/dk\/hotelvaerelser-suiter\/#breadcrumb"},"inLanguage":"sv-SE","potentialAction":[{"@type":"ReadAction","target":["https:\/\/hotelskansen.se\/dk\/hotelvaerelser-suiter\/"]}]},{"@type":"BreadcrumbList","@id":"https:\/\/hotelskansen.se\/dk\/hotelvaerelser-suiter\/#breadcrumb","itemListElement":[{"@type":"ListItem","position":1,"name":"Startsida","item":"https:\/\/hotelskansen.se\/dk\/"},{"@type":"ListItem","position":2,"name":"Hotelv\u00e6relser og suiter"}]},{"@type":"WebSite","@id":"https:\/\/hotelskansen.se\/dk\/#website","url":"https:\/\/hotelskansen.se\/dk\/","name":"Hotel Skansen B\u00e5stad","description":"Hotel, spa, konference og restaurant ved havet","potentialAction":[{"@type":"SearchAction","target":{"@type":"EntryPoint","urlTemplate":"https:\/\/hotelskansen.se\/dk\/?s={search_term_string}"},"query-input":{"@type":"PropertyValueSpecification","valueRequired":true,"valueName":"search_term_string"}}],"inLanguage":"sv-SE"}]}},"_links":{"self":[{"href":"https:\/\/hotelskansen.se\/dk\/wp-json\/wp\/v2\/pages\/298","targetHints":{"allow":["GET"]}}],"collection":[{"href":"https:\/\/hotelskansen.se\/dk\/wp-json\/wp\/v2\/pages"}],"about":[{"href":"https:\/\/hotelskansen.se\/dk\/wp-json\/wp\/v2\/types\/page"}],"author":[{"embeddable":true,"href":"https:\/\/hotelskansen.se\/dk\/wp-json\/wp\/v2\/users\/3"}],"replies":[{"embeddable":true,"href":"https:\/\/hotelskansen.se\/dk\/wp-json\/wp\/v2\/comments?post=298"}],"version-history":[{"count":14,"href":"https:\/\/hotelskansen.se\/dk\/wp-json\/wp\/v2\/pages\/298\/revisions"}],"predecessor-version":[{"id":5439,"href":"https:\/\/hotelskansen.se\/dk\/wp-json\/wp\/v2\/pages\/298\/revisions\/5439"}],"wp:attachment":[{"href":"https:\/\/hotelskansen.se\/dk\/wp-json\/wp\/v2\/media?parent=298"}],"curies":[{"name":"wp","href":"https:\/\/api.w.org\/{rel}","templated":true}]}}