{"id":202,"date":"2017-09-26T11:28:38","date_gmt":"2017-09-26T09:28:38","guid":{"rendered":"https:\/\/hotelrivierastrand.se\/skansen\/?page_id=202"},"modified":"2025-09-01T14:26:41","modified_gmt":"2025-09-01T12:26:41","slug":"mad-og-drikke","status":"publish","type":"page","link":"https:\/\/hotelskansen.se\/dk\/mad-og-drikke\/","title":{"rendered":"Restaurant Sand"},"content":{"rendered":"","protected":false},"excerpt":{"rendered":"","protected":false},"author":1,"featured_media":0,"parent":0,"menu_order":3,"comment_status":"closed","ping_status":"closed","template":"","meta":{"_acf_changed":false,"_relevanssi_hide_post":"","_relevanssi_pin_for_all":"","_relevanssi_pin_keywords":"","_relevanssi_unpin_keywords":"","_relevanssi_related_keywords":"","_relevanssi_related_include_ids":"","_relevanssi_related_exclude_ids":"","_relevanssi_related_no_append":"","_relevanssi_related_not_related":"","_relevanssi_related_posts":"","_relevanssi_noindex_reason":"","footnotes":""},"class_list":["post-202","page","type-page","status-publish","hentry"],"acf":[],"yoast_head":"<!-- This site is optimized with the Yoast SEO plugin v24.2 - https:\/\/yoast.com\/wordpress\/plugins\/seo\/ -->\n<title>Mad og drikke - Hotel Skansen i B\u00e5stad - Restaurant Sand og Bakfickan<\/title>\n<meta name=\"description\" content=\"&quot;Serve-es ved Laholmsbugten&quot; (White Guide 2018). Restaurant Sand i B\u00e5stad, kun et stenkast fra havet, byder p\u00e5 lokale smagsoplevelser med h\u00f8jt til loftet.\" \/>\n<meta name=\"robots\" content=\"index, follow, max-snippet:-1, max-image-preview:large, max-video-preview:-1\" \/>\n<link rel=\"canonical\" href=\"https:\/\/hotelskansen.se\/dk\/mad-og-drikke\/\" \/>\n<meta property=\"og:locale\" content=\"sv_SE\" \/>\n<meta property=\"og:type\" content=\"article\" \/>\n<meta property=\"og:title\" content=\"Mad og drikke - Hotel Skansen i B\u00e5stad - Restaurant Sand og Bakfickan\" \/>\n<meta property=\"og:description\" content=\"&quot;Serve-es ved Laholmsbugten&quot; (White Guide 2018). Restaurant Sand i B\u00e5stad, kun et stenkast fra havet, byder p\u00e5 lokale smagsoplevelser med h\u00f8jt til loftet.\" \/>\n<meta property=\"og:url\" content=\"https:\/\/hotelskansen.se\/dk\/mad-og-drikke\/\" \/>\n<meta property=\"og:site_name\" content=\"Hotel Skansen B\u00e5stad\" \/>\n<meta property=\"article:publisher\" content=\"https:\/\/www.facebook.com\/Hotelskansen\/\" \/>\n<meta property=\"article:modified_time\" content=\"2025-09-01T12:26:41+00:00\" \/>\n<meta name=\"twitter:card\" content=\"summary_large_image\" \/>\n<script type=\"application\/ld+json\" class=\"yoast-schema-graph\">{\"@context\":\"https:\/\/schema.org\",\"@graph\":[{\"@type\":\"WebPage\",\"@id\":\"https:\/\/hotelskansen.se\/dk\/mad-og-drikke\/\",\"url\":\"https:\/\/hotelskansen.se\/dk\/mad-og-drikke\/\",\"name\":\"Mad og drikke - Hotel Skansen i B\u00e5stad - Restaurant Sand og Bakfickan\",\"isPartOf\":{\"@id\":\"https:\/\/hotelskansen.se\/dk\/#website\"},\"datePublished\":\"2017-09-26T09:28:38+00:00\",\"dateModified\":\"2025-09-01T12:26:41+00:00\",\"description\":\"\\\"Serve-es ved Laholmsbugten\\\" (White Guide 2018). Restaurant Sand i B\u00e5stad, kun et stenkast fra havet, byder p\u00e5 lokale smagsoplevelser med h\u00f8jt til loftet.\",\"breadcrumb\":{\"@id\":\"https:\/\/hotelskansen.se\/dk\/mad-og-drikke\/#breadcrumb\"},\"inLanguage\":\"sv-SE\",\"potentialAction\":[{\"@type\":\"ReadAction\",\"target\":[\"https:\/\/hotelskansen.se\/dk\/mad-og-drikke\/\"]}]},{\"@type\":\"BreadcrumbList\",\"@id\":\"https:\/\/hotelskansen.se\/dk\/mad-og-drikke\/#breadcrumb\",\"itemListElement\":[{\"@type\":\"ListItem\",\"position\":1,\"name\":\"Startsida\",\"item\":\"https:\/\/hotelskansen.se\/dk\/\"},{\"@type\":\"ListItem\",\"position\":2,\"name\":\"Restaurant Sand\"}]},{\"@type\":\"WebSite\",\"@id\":\"https:\/\/hotelskansen.se\/dk\/#website\",\"url\":\"https:\/\/hotelskansen.se\/dk\/\",\"name\":\"Hotel Skansen B\u00e5stad\",\"description\":\"Hotel, spa, konference og restaurant ved havet\",\"potentialAction\":[{\"@type\":\"SearchAction\",\"target\":{\"@type\":\"EntryPoint\",\"urlTemplate\":\"https:\/\/hotelskansen.se\/dk\/?s={search_term_string}\"},\"query-input\":{\"@type\":\"PropertyValueSpecification\",\"valueRequired\":true,\"valueName\":\"search_term_string\"}}],\"inLanguage\":\"sv-SE\"}]}<\/script>\n<!-- \/ Yoast SEO plugin. -->","yoast_head_json":{"title":"Mad og drikke - Hotel Skansen i B\u00e5stad - Restaurant Sand og Bakfickan","description":"\"Serve-es ved Laholmsbugten\" (White Guide 2018). Restaurant Sand i B\u00e5stad, kun et stenkast fra havet, byder p\u00e5 lokale smagsoplevelser med h\u00f8jt til loftet.","robots":{"index":"index","follow":"follow","max-snippet":"max-snippet:-1","max-image-preview":"max-image-preview:large","max-video-preview":"max-video-preview:-1"},"canonical":"https:\/\/hotelskansen.se\/dk\/mad-og-drikke\/","og_locale":"sv_SE","og_type":"article","og_title":"Mad og drikke - Hotel Skansen i B\u00e5stad - Restaurant Sand og Bakfickan","og_description":"\"Serve-es ved Laholmsbugten\" (White Guide 2018). Restaurant Sand i B\u00e5stad, kun et stenkast fra havet, byder p\u00e5 lokale smagsoplevelser med h\u00f8jt til loftet.","og_url":"https:\/\/hotelskansen.se\/dk\/mad-og-drikke\/","og_site_name":"Hotel Skansen B\u00e5stad","article_publisher":"https:\/\/www.facebook.com\/Hotelskansen\/","article_modified_time":"2025-09-01T12:26:41+00:00","twitter_card":"summary_large_image","schema":{"@context":"https:\/\/schema.org","@graph":[{"@type":"WebPage","@id":"https:\/\/hotelskansen.se\/dk\/mad-og-drikke\/","url":"https:\/\/hotelskansen.se\/dk\/mad-og-drikke\/","name":"Mad og drikke - Hotel Skansen i B\u00e5stad - Restaurant Sand og Bakfickan","isPartOf":{"@id":"https:\/\/hotelskansen.se\/dk\/#website"},"datePublished":"2017-09-26T09:28:38+00:00","dateModified":"2025-09-01T12:26:41+00:00","description":"\"Serve-es ved Laholmsbugten\" (White Guide 2018). Restaurant Sand i B\u00e5stad, kun et stenkast fra havet, byder p\u00e5 lokale smagsoplevelser med h\u00f8jt til loftet.","breadcrumb":{"@id":"https:\/\/hotelskansen.se\/dk\/mad-og-drikke\/#breadcrumb"},"inLanguage":"sv-SE","potentialAction":[{"@type":"ReadAction","target":["https:\/\/hotelskansen.se\/dk\/mad-og-drikke\/"]}]},{"@type":"BreadcrumbList","@id":"https:\/\/hotelskansen.se\/dk\/mad-og-drikke\/#breadcrumb","itemListElement":[{"@type":"ListItem","position":1,"name":"Startsida","item":"https:\/\/hotelskansen.se\/dk\/"},{"@type":"ListItem","position":2,"name":"Restaurant Sand"}]},{"@type":"WebSite","@id":"https:\/\/hotelskansen.se\/dk\/#website","url":"https:\/\/hotelskansen.se\/dk\/","name":"Hotel Skansen B\u00e5stad","description":"Hotel, spa, konference og restaurant ved havet","potentialAction":[{"@type":"SearchAction","target":{"@type":"EntryPoint","urlTemplate":"https:\/\/hotelskansen.se\/dk\/?s={search_term_string}"},"query-input":{"@type":"PropertyValueSpecification","valueRequired":true,"valueName":"search_term_string"}}],"inLanguage":"sv-SE"}]}},"_links":{"self":[{"href":"https:\/\/hotelskansen.se\/dk\/wp-json\/wp\/v2\/pages\/202","targetHints":{"allow":["GET"]}}],"collection":[{"href":"https:\/\/hotelskansen.se\/dk\/wp-json\/wp\/v2\/pages"}],"about":[{"href":"https:\/\/hotelskansen.se\/dk\/wp-json\/wp\/v2\/types\/page"}],"author":[{"embeddable":true,"href":"https:\/\/hotelskansen.se\/dk\/wp-json\/wp\/v2\/users\/1"}],"replies":[{"embeddable":true,"href":"https:\/\/hotelskansen.se\/dk\/wp-json\/wp\/v2\/comments?post=202"}],"version-history":[{"count":13,"href":"https:\/\/hotelskansen.se\/dk\/wp-json\/wp\/v2\/pages\/202\/revisions"}],"predecessor-version":[{"id":6620,"href":"https:\/\/hotelskansen.se\/dk\/wp-json\/wp\/v2\/pages\/202\/revisions\/6620"}],"wp:attachment":[{"href":"https:\/\/hotelskansen.se\/dk\/wp-json\/wp\/v2\/media?parent=202"}],"curies":[{"name":"wp","href":"https:\/\/api.w.org\/{rel}","templated":true}]}}