{"id":196,"date":"2017-09-26T11:26:37","date_gmt":"2017-09-26T09:26:37","guid":{"rendered":"https:\/\/hotelrivierastrand.se\/skansen\/?page_id=196"},"modified":"2023-07-26T14:19:38","modified_gmt":"2023-07-26T12:19:38","slug":"pakker","status":"publish","type":"page","link":"https:\/\/hotelskansen.se\/dk\/pakker\/","title":{"rendered":"Tilbud og pakker"},"content":{"rendered":"","protected":false},"excerpt":{"rendered":"","protected":false},"author":1,"featured_media":0,"parent":0,"menu_order":0,"comment_status":"closed","ping_status":"closed","template":"","meta":{"_acf_changed":false,"_relevanssi_hide_post":"","_relevanssi_pin_for_all":"","_relevanssi_pin_keywords":"","_relevanssi_unpin_keywords":"","_relevanssi_related_keywords":"","_relevanssi_related_include_ids":"","_relevanssi_related_exclude_ids":"","_relevanssi_related_no_append":"","_relevanssi_related_not_related":"","_relevanssi_related_posts":"","_relevanssi_noindex_reason":"","footnotes":""},"class_list":["post-196","page","type-page","status-publish","hentry"],"acf":[],"yoast_head":"<!-- This site is optimized with the Yoast SEO plugin v24.2 - https:\/\/yoast.com\/wordpress\/plugins\/seo\/ -->\n<title>Hotel Skansen i B\u00e5stad \u2013 weekend med spa, smagsoplevelser og tr\u00e6ning<\/title>\n<meta name=\"description\" content=\"Spaweekend, luksuspakke eller golfweekend med greenfee p\u00e5 B\u00e5stad GK? Vi har weekendpakken til dig, som stiller h\u00f8je krav til livets goder.\" \/>\n<meta name=\"robots\" content=\"index, follow, max-snippet:-1, max-image-preview:large, max-video-preview:-1\" \/>\n<link rel=\"canonical\" href=\"https:\/\/hotelskansen.se\/dk\/pakker\/\" \/>\n<meta property=\"og:locale\" content=\"sv_SE\" \/>\n<meta property=\"og:type\" content=\"article\" \/>\n<meta property=\"og:title\" content=\"Hotel Skansen i B\u00e5stad \u2013 weekend med spa, smagsoplevelser og tr\u00e6ning\" \/>\n<meta property=\"og:description\" content=\"Spaweekend, luksuspakke eller golfweekend med greenfee p\u00e5 B\u00e5stad GK? Vi har weekendpakken til dig, som stiller h\u00f8je krav til livets goder.\" \/>\n<meta property=\"og:url\" content=\"https:\/\/hotelskansen.se\/dk\/pakker\/\" \/>\n<meta property=\"og:site_name\" content=\"Hotel Skansen B\u00e5stad\" \/>\n<meta property=\"article:publisher\" content=\"https:\/\/www.facebook.com\/Hotelskansen\/\" \/>\n<meta property=\"article:modified_time\" content=\"2023-07-26T12:19:38+00:00\" \/>\n<meta name=\"twitter:card\" content=\"summary_large_image\" \/>\n<script type=\"application\/ld+json\" class=\"yoast-schema-graph\">{\"@context\":\"https:\/\/schema.org\",\"@graph\":[{\"@type\":\"WebPage\",\"@id\":\"https:\/\/hotelskansen.se\/dk\/pakker\/\",\"url\":\"https:\/\/hotelskansen.se\/dk\/pakker\/\",\"name\":\"Hotel Skansen i B\u00e5stad \u2013 weekend med spa, smagsoplevelser og tr\u00e6ning\",\"isPartOf\":{\"@id\":\"https:\/\/hotelskansen.se\/dk\/#website\"},\"datePublished\":\"2017-09-26T09:26:37+00:00\",\"dateModified\":\"2023-07-26T12:19:38+00:00\",\"description\":\"Spaweekend, luksuspakke eller golfweekend med greenfee p\u00e5 B\u00e5stad GK? Vi har weekendpakken til dig, som stiller h\u00f8je krav til livets goder.\",\"breadcrumb\":{\"@id\":\"https:\/\/hotelskansen.se\/dk\/pakker\/#breadcrumb\"},\"inLanguage\":\"sv-SE\",\"potentialAction\":[{\"@type\":\"ReadAction\",\"target\":[\"https:\/\/hotelskansen.se\/dk\/pakker\/\"]}]},{\"@type\":\"BreadcrumbList\",\"@id\":\"https:\/\/hotelskansen.se\/dk\/pakker\/#breadcrumb\",\"itemListElement\":[{\"@type\":\"ListItem\",\"position\":1,\"name\":\"Startsida\",\"item\":\"https:\/\/hotelskansen.se\/dk\/\"},{\"@type\":\"ListItem\",\"position\":2,\"name\":\"Tilbud og pakker\"}]},{\"@type\":\"WebSite\",\"@id\":\"https:\/\/hotelskansen.se\/dk\/#website\",\"url\":\"https:\/\/hotelskansen.se\/dk\/\",\"name\":\"Hotel Skansen B\u00e5stad\",\"description\":\"Hotel, spa, konference og restaurant ved havet\",\"potentialAction\":[{\"@type\":\"SearchAction\",\"target\":{\"@type\":\"EntryPoint\",\"urlTemplate\":\"https:\/\/hotelskansen.se\/dk\/?s={search_term_string}\"},\"query-input\":{\"@type\":\"PropertyValueSpecification\",\"valueRequired\":true,\"valueName\":\"search_term_string\"}}],\"inLanguage\":\"sv-SE\"}]}<\/script>\n<!-- \/ Yoast SEO plugin. -->","yoast_head_json":{"title":"Hotel Skansen i B\u00e5stad \u2013 weekend med spa, smagsoplevelser og tr\u00e6ning","description":"Spaweekend, luksuspakke eller golfweekend med greenfee p\u00e5 B\u00e5stad GK? Vi har weekendpakken til dig, som stiller h\u00f8je krav til livets goder.","robots":{"index":"index","follow":"follow","max-snippet":"max-snippet:-1","max-image-preview":"max-image-preview:large","max-video-preview":"max-video-preview:-1"},"canonical":"https:\/\/hotelskansen.se\/dk\/pakker\/","og_locale":"sv_SE","og_type":"article","og_title":"Hotel Skansen i B\u00e5stad \u2013 weekend med spa, smagsoplevelser og tr\u00e6ning","og_description":"Spaweekend, luksuspakke eller golfweekend med greenfee p\u00e5 B\u00e5stad GK? Vi har weekendpakken til dig, som stiller h\u00f8je krav til livets goder.","og_url":"https:\/\/hotelskansen.se\/dk\/pakker\/","og_site_name":"Hotel Skansen B\u00e5stad","article_publisher":"https:\/\/www.facebook.com\/Hotelskansen\/","article_modified_time":"2023-07-26T12:19:38+00:00","twitter_card":"summary_large_image","schema":{"@context":"https:\/\/schema.org","@graph":[{"@type":"WebPage","@id":"https:\/\/hotelskansen.se\/dk\/pakker\/","url":"https:\/\/hotelskansen.se\/dk\/pakker\/","name":"Hotel Skansen i B\u00e5stad \u2013 weekend med spa, smagsoplevelser og tr\u00e6ning","isPartOf":{"@id":"https:\/\/hotelskansen.se\/dk\/#website"},"datePublished":"2017-09-26T09:26:37+00:00","dateModified":"2023-07-26T12:19:38+00:00","description":"Spaweekend, luksuspakke eller golfweekend med greenfee p\u00e5 B\u00e5stad GK? Vi har weekendpakken til dig, som stiller h\u00f8je krav til livets goder.","breadcrumb":{"@id":"https:\/\/hotelskansen.se\/dk\/pakker\/#breadcrumb"},"inLanguage":"sv-SE","potentialAction":[{"@type":"ReadAction","target":["https:\/\/hotelskansen.se\/dk\/pakker\/"]}]},{"@type":"BreadcrumbList","@id":"https:\/\/hotelskansen.se\/dk\/pakker\/#breadcrumb","itemListElement":[{"@type":"ListItem","position":1,"name":"Startsida","item":"https:\/\/hotelskansen.se\/dk\/"},{"@type":"ListItem","position":2,"name":"Tilbud og pakker"}]},{"@type":"WebSite","@id":"https:\/\/hotelskansen.se\/dk\/#website","url":"https:\/\/hotelskansen.se\/dk\/","name":"Hotel Skansen B\u00e5stad","description":"Hotel, spa, konference og restaurant ved havet","potentialAction":[{"@type":"SearchAction","target":{"@type":"EntryPoint","urlTemplate":"https:\/\/hotelskansen.se\/dk\/?s={search_term_string}"},"query-input":{"@type":"PropertyValueSpecification","valueRequired":true,"valueName":"search_term_string"}}],"inLanguage":"sv-SE"}]}},"_links":{"self":[{"href":"https:\/\/hotelskansen.se\/dk\/wp-json\/wp\/v2\/pages\/196","targetHints":{"allow":["GET"]}}],"collection":[{"href":"https:\/\/hotelskansen.se\/dk\/wp-json\/wp\/v2\/pages"}],"about":[{"href":"https:\/\/hotelskansen.se\/dk\/wp-json\/wp\/v2\/types\/page"}],"author":[{"embeddable":true,"href":"https:\/\/hotelskansen.se\/dk\/wp-json\/wp\/v2\/users\/1"}],"replies":[{"embeddable":true,"href":"https:\/\/hotelskansen.se\/dk\/wp-json\/wp\/v2\/comments?post=196"}],"version-history":[{"count":11,"href":"https:\/\/hotelskansen.se\/dk\/wp-json\/wp\/v2\/pages\/196\/revisions"}],"predecessor-version":[{"id":5514,"href":"https:\/\/hotelskansen.se\/dk\/wp-json\/wp\/v2\/pages\/196\/revisions\/5514"}],"wp:attachment":[{"href":"https:\/\/hotelskansen.se\/dk\/wp-json\/wp\/v2\/media?parent=196"}],"curies":[{"name":"wp","href":"https:\/\/api.w.org\/{rel}","templated":true}]}}